{"id":7,"date":"2023-04-07T06:50:09","date_gmt":"2023-04-07T06:50:09","guid":{"rendered":"https:\/\/creativite.id\/?page_id=7"},"modified":"2026-02-13T13:09:13","modified_gmt":"2026-02-13T13:09:13","slug":"home","status":"publish","type":"page","link":"https:\/\/creativite.id\/id\/","title":{"rendered":"HOME"},"content":{"rendered":"<div data-elementor-type=\"wp-page\" data-elementor-id=\"7\" class=\"elementor elementor-7\" data-elementor-post-type=\"page\">\n\t\t\t\t\t\t\t\t\t<section class=\"has_eae_slider elementor-section elementor-top-section elementor-element elementor-element-2945b048 elementor-section-boxed elementor-section-height-default elementor-section-height-default tf-sticky-section tf-sticky-no\" data-id=\"2945b048\" data-element_type=\"section\" data-settings=\"{&quot;tf_sticky&quot;:&quot;no&quot;}\">\n\t\t\t\t\t\t\t<div class=\"elementor-background-overlay\"><\/div>\n\t\t\t\t\t\t\t<div class=\"elementor-container elementor-column-gap-default\">\n\t\t\t\t\t<div class=\"has_eae_slider elementor-column elementor-col-100 elementor-top-column elementor-element elementor-element-4aaab74b\" data-id=\"4aaab74b\" data-element_type=\"column\">\n\t\t\t<div class=\"elementor-widget-wrap elementor-element-populated\">\n\t\t\t\t\t\t\t\t<div class=\"elementor-element elementor-element-6ab7e848 elementor-widget-mobile__width-initial elementor-widget elementor-widget-flex-slider\" data-id=\"6ab7e848\" data-element_type=\"widget\" data-widget_type=\"flex-slider.default\">\n\t\t\t\t<div class=\"elementor-widget-container\">\n\t\t\t\t\t\t<div class=\"flexslider directionnav-square\" data-height=\"539\" data-height_tablet=\"399\" data-height_mobile=\"309\" data-animation_images=\"\" data-autoplay=\"true\" data-slideshowspeed=\"3000\" data-directionnav=\"true\" data-controlnav=\"\" data-prevtext=\"fa fa-arrow-left\" data-nexttext=\"fa fa-arrow-right\">\r\n\t\t\t\t<ul class=\"slides\">\r\n\t\t\t\t\t<li class=\"item-slide\">\r\n\t\t\t\t\t\t\t\t\t<div class=\"bgimg\" style=\"background-image:url(https:\/\/creativite.id\/wp-content\/uploads\/2026\/02\/Take-Away-3-HADER-WEB-2-scaled.jpg); background-size: contain; background-position: top center;\"><\/div>\r\n\t\t\t\t\t\t\t\t\t\r\n\t\t\t\t\t\t\t\t\t\r\n\t\t\t\t\t\t\t\t\t<div class=\"flex_caption\">\r\n\t\t                        \t\t\r\n\t\t                        \t\t\r\n\t\t                        \t\t\r\n\t\t                        \t\t<ul class=\"button-group\"> <li class=\"fromTop\">\r\n\t\t\t\t\t\t\t\t\t\t\t<a href=\"https:\/\/www.instagram.com\/p\/DSHvxzSiXEW\/\" class=\"button-one elementor-repeater-item-241e197\">Now Showing - Takeaway Art #2 <span class=\"btn-icon-right\"><\/span><\/a>\r\n\t\t\t\t\t\t\t\t\t\t<\/li><li class=\"fromTop\">\r\n\t\t\t\t\t\t\t\t\t\t\t<a href=\"https:\/\/docs.google.com\/forms\/d\/1kQUG-5Xn3nGpl3ykco712k1v7FP6VAcsNSf6h-LUAQw\/edit\" class=\"button-one elementor-repeater-item-746b84f\">Open Call 2026 - Art Print <span class=\"btn-icon-right\"><\/span><\/a>\r\n\t\t\t\t\t\t\t\t\t\t<\/li><\/ul>\r\n\t\t\t\t                    <\/div>\t                    \r\n\t\t\t\t                    \r\n\t\t\t\t\t\t\t\t<\/li><li class=\"item-slide\">\r\n\t\t\t\t\t\t\t\t\t<div class=\"bgimg\" style=\"background-image:url(https:\/\/creativite.id\/wp-content\/uploads\/2025\/07\/TAKEAWAY-ART-POSTER-LANDSCAPE-scaled.png); background-size: contain; background-position: top center;\"><\/div>\r\n\t\t\t\t\t\t\t\t\t<div class=\"overlay\" style=\"background:#1D214699\"><\/div>\r\n\t\t\t\t\t\t\t\t\t<img decoding=\"async\" src=\"https:\/\/creativite.id\/wp-content\/uploads\/2023\/04\/shape-1.png\" alt=\"shape\" class=\"bg_shape elementor-repeater-item-8d5ea91_shape_four\">\r\n\t\t\t\t\t\t\t\t\t<div class=\"flex_caption\">\r\n\t\t                        \t\t\r\n\t\t                        \t\t\r\n\t\t                        \t\t\r\n\t\t                        \t\t<ul class=\"button-group\"> <li class=\"fromTop\">\r\n\t\t\t\t\t\t\t\t\t\t\t<a href=\"https:\/\/www.instagram.com\/p\/DSHvxzSiXEW\/\" class=\"button-one elementor-repeater-item-241e197\">Now Showing - Takeaway Art #2 <span class=\"btn-icon-right\"><\/span><\/a>\r\n\t\t\t\t\t\t\t\t\t\t<\/li><li class=\"fromTop\">\r\n\t\t\t\t\t\t\t\t\t\t\t<a href=\"https:\/\/docs.google.com\/forms\/d\/1kQUG-5Xn3nGpl3ykco712k1v7FP6VAcsNSf6h-LUAQw\/edit\" class=\"button-one elementor-repeater-item-746b84f\">Open Call 2026 - Art Print <span class=\"btn-icon-right\"><\/span><\/a>\r\n\t\t\t\t\t\t\t\t\t\t<\/li><\/ul>\r\n\t\t\t\t                    <\/div>\t                    \r\n\t\t\t\t                    \r\n\t\t\t\t\t\t\t\t<\/li><li class=\"item-slide\">\r\n\t\t\t\t\t\t\t\t\t<div class=\"bgimg\" style=\"background-image:url(https:\/\/creativite.id\/wp-content\/uploads\/2026\/02\/INVITATION-TA2-1-scaled.png); background-size: contain; background-position: top center;\"><\/div>\r\n\t\t\t\t\t\t\t\t\t<div class=\"overlay\" style=\"background:#1D214699\"><\/div>\r\n\t\t\t\t\t\t\t\t\t\r\n\t\t\t\t\t\t\t\t\t<div class=\"flex_caption\">\r\n\t\t                        \t\t\r\n\t\t                        \t\t\r\n\t\t                        \t\t\r\n\t\t                        \t\t<ul class=\"button-group\"> <li class=\"fromTop\">\r\n\t\t\t\t\t\t\t\t\t\t\t<a href=\"https:\/\/www.instagram.com\/p\/DSHvxzSiXEW\/\" class=\"button-one elementor-repeater-item-241e197\">Now Showing - Takeaway Art #2 <span class=\"btn-icon-right\"><\/span><\/a>\r\n\t\t\t\t\t\t\t\t\t\t<\/li><li class=\"fromTop\">\r\n\t\t\t\t\t\t\t\t\t\t\t<a href=\"https:\/\/docs.google.com\/forms\/d\/1kQUG-5Xn3nGpl3ykco712k1v7FP6VAcsNSf6h-LUAQw\/edit\" class=\"button-one elementor-repeater-item-746b84f\">Open Call 2026 - Art Print <span class=\"btn-icon-right\"><\/span><\/a>\r\n\t\t\t\t\t\t\t\t\t\t<\/li><\/ul>\r\n\t\t\t\t                    <\/div>\t                    \r\n\t\t\t\t                    \r\n\t\t\t\t\t\t\t\t<\/li>\t\t\t\t<\/ul> \r\n\t\t\t<\/div>\r\n\t\t\t\t\t<\/div>\n\t\t\t\t<\/div>\n\t\t\t\t\t<\/div>\n\t\t<\/div>\n\t\t\t\t\t\t\t<\/div>\n\t\t<\/section>\n\t\t\t\t<section class=\"has_eae_slider elementor-section elementor-top-section elementor-element elementor-element-266cc6e9 elementor-section-boxed elementor-section-height-default elementor-section-height-default tf-sticky-section tf-sticky-no\" data-id=\"266cc6e9\" data-element_type=\"section\" data-settings=\"{&quot;background_background&quot;:&quot;classic&quot;,&quot;tf_sticky&quot;:&quot;no&quot;}\">\n\t\t\t\t\t\t\t<div class=\"elementor-background-overlay\"><\/div>\n\t\t\t\t\t\t\t<div class=\"elementor-container elementor-column-gap-default\">\n\t\t\t\t\t<div class=\"has_eae_slider elementor-column elementor-col-100 elementor-top-column elementor-element elementor-element-1f4dba59\" data-id=\"1f4dba59\" data-element_type=\"column\">\n\t\t\t<div class=\"elementor-widget-wrap elementor-element-populated\">\n\t\t\t\t\t\t\t\t<div class=\"elementor-element elementor-element-a317d2c elementor-widget elementor-widget-heading\" data-id=\"a317d2c\" data-element_type=\"widget\" data-widget_type=\"heading.default\">\n\t\t\t\t<div class=\"elementor-widget-container\">\n\t\t\t<style>\/*! elementor - v3.12.1 - 02-04-2023 *\/\n.elementor-heading-title{padding:0;margin:0;line-height:1}.elementor-widget-heading .elementor-heading-title[class*=elementor-size-]>a{color:inherit;font-size:inherit;line-height:inherit}.elementor-widget-heading .elementor-heading-title.elementor-size-small{font-size:15px}.elementor-widget-heading .elementor-heading-title.elementor-size-medium{font-size:19px}.elementor-widget-heading .elementor-heading-title.elementor-size-large{font-size:29px}.elementor-widget-heading .elementor-heading-title.elementor-size-xl{font-size:39px}.elementor-widget-heading .elementor-heading-title.elementor-size-xxl{font-size:59px}<\/style><h6 class=\"elementor-heading-title elementor-size-default\">About Us?<\/h6>\t\t<\/div>\n\t\t\t\t<\/div>\n\t\t\t\t<div class=\"elementor-element elementor-element-4ead6abd elementor-widget elementor-widget-heading\" data-id=\"4ead6abd\" data-element_type=\"widget\" data-widget_type=\"heading.default\">\n\t\t\t\t<div class=\"elementor-widget-container\">\n\t\t\t<h6 class=\"elementor-heading-title elementor-size-default\"> These last few years the creative industry is growing rapidly, both in terms of business and diverse creations are produced. The development is also supported by the growing spirit of youth entrepreneurship in the creative field. So, that in the year 2015 cr\u00e9ativit\u00e9 is formed by three young people who have an educational background in the field of creative. With a head, full of ideas and dreams, they provide a platform for sharing knowledge of product in a creative field. cr\u00e9ativit\u00e9 also becoming a place to explore ideas about design, art in the form of seminars and workshops (cr\u00e9ativit\u00e9 workshop).\n\nIn 2017 cr\u00e9ativit\u00e9.id is born, now we provide the e-commerce for all creative people. You can start selling and promoting your creative product or talent (services) at cr\u00e9ativit\u00e9.id. You can share your ideas at cr\u00e9ativit\u00e9.id and arrange your own workshop with us.<\/h6>\t\t<\/div>\n\t\t\t\t<\/div>\n\t\t\t\t<div class=\"elementor-element elementor-element-15b059d5 elementor-invisible elementor-widget elementor-widget-tfcarousel\" data-id=\"15b059d5\" data-element_type=\"widget\" data-settings=\"{&quot;_animation&quot;:&quot;fadeInUp&quot;}\" data-widget_type=\"tfcarousel.default\">\n\t\t\t\t<div class=\"elementor-widget-container\">\n\t\t\t\t\t<div class=\"tf-carousel-box has-arrow no-bullets\" data-loop=\"yes\" data-auto=\"yes\" data-column=\"4\" data-column2=\"3\" data-column3=\"1\" data-spacer=\"30\" data-prev_icon=\"fa fa-chevron-left\" data-next_icon=\"fa fa-chevron-right\">\n\t\t\t<div class=\"owl-carousel owl-theme\">\n\t\t\t\t\t\t\t\t\t\t\t\t<div class=\"item\">\n\t\t\t\t\t\t\t\t\t\t\t<\/div>\n\t\t\t\t\t\t\t\t\t\t\t\t\t\t\t\t<div class=\"item\">\n\t\t\t\t\t\t\t\t\t\t\t<\/div>\n\t\t\t\t\t\t\t\t\t\t\t\t\t\t\t\t<div class=\"item\">\n\t\t\t\t\t\t\t\t\t\t\t<\/div>\n\t\t\t\t\t\t\t\t\t\t\t\t\t\t\t\t<div class=\"item\">\n\t\t\t\t\t\t\t\t\t\t\t<\/div>\n\t\t\t\t\t\t\t\t\t\t\t\t\t\t\t\t<div class=\"item\">\n\t\t\t\t\t\t\t\t\t\t\t<\/div>\n\t\t\t\t\t\t\t\t\t\t<\/div>\n\t\t<\/div>\n\t\t\t\t<\/div>\n\t\t\t\t<\/div>\n\t\t\t\t\t<\/div>\n\t\t<\/div>\n\t\t\t\t\t\t\t<\/div>\n\t\t<\/section>\n\t\t\t\t<section class=\"has_eae_slider elementor-section elementor-top-section elementor-element elementor-element-3b1b08a4 elementor-hidden-desktop elementor-hidden-tablet elementor-hidden-mobile elementor-section-boxed elementor-section-height-default elementor-section-height-default tf-sticky-section tf-sticky-no elementor-invisible\" data-id=\"3b1b08a4\" data-element_type=\"section\" data-settings=\"{&quot;background_background&quot;:&quot;classic&quot;,&quot;animation&quot;:&quot;fadeInUp&quot;,&quot;tf_sticky&quot;:&quot;no&quot;}\">\n\t\t\t\t\t\t<div class=\"elementor-container elementor-column-gap-default\">\n\t\t\t\t\t<div class=\"has_eae_slider elementor-column elementor-col-50 elementor-top-column elementor-element elementor-element-789bb15f\" data-id=\"789bb15f\" data-element_type=\"column\">\n\t\t\t<div class=\"elementor-widget-wrap elementor-element-populated\">\n\t\t\t\t\t\t\t\t<div class=\"elementor-element elementor-element-bb56806 elementor-widget elementor-widget-heading\" data-id=\"bb56806\" data-element_type=\"widget\" data-widget_type=\"heading.default\">\n\t\t\t\t<div class=\"elementor-widget-container\">\n\t\t\t<h6 class=\"elementor-heading-title elementor-size-default\">Progress & Customizations<\/h6>\t\t<\/div>\n\t\t\t\t<\/div>\n\t\t\t\t<div class=\"elementor-element elementor-element-487bb5c6 elementor-widget elementor-widget-heading\" data-id=\"487bb5c6\" data-element_type=\"widget\" data-widget_type=\"heading.default\">\n\t\t\t\t<div class=\"elementor-widget-container\">\n\t\t\t<h3 class=\"elementor-heading-title elementor-size-default\">Trusted by all over<\/br> the world.<\/h3>\t\t<\/div>\n\t\t\t\t<\/div>\n\t\t\t\t\t<\/div>\n\t\t<\/div>\n\t\t\t\t<div class=\"has_eae_slider elementor-column elementor-col-50 elementor-top-column elementor-element elementor-element-34e31df8\" data-id=\"34e31df8\" data-element_type=\"column\">\n\t\t\t<div class=\"elementor-widget-wrap elementor-element-populated\">\n\t\t\t\t\t\t\t\t<div class=\"elementor-element elementor-element-5370b5a3 elementor-widget elementor-widget-image-carousel\" data-id=\"5370b5a3\" data-element_type=\"widget\" data-settings=\"{&quot;slides_to_show&quot;:&quot;4&quot;,&quot;slides_to_show_tablet&quot;:&quot;3&quot;,&quot;navigation&quot;:&quot;none&quot;,&quot;lazyload&quot;:&quot;yes&quot;,&quot;slides_to_show_mobile&quot;:&quot;2&quot;,&quot;autoplay&quot;:&quot;yes&quot;,&quot;pause_on_hover&quot;:&quot;yes&quot;,&quot;pause_on_interaction&quot;:&quot;yes&quot;,&quot;autoplay_speed&quot;:5000,&quot;infinite&quot;:&quot;yes&quot;,&quot;speed&quot;:500}\" data-widget_type=\"image-carousel.default\">\n\t\t\t\t<div class=\"elementor-widget-container\">\n\t\t\t<style>\/*! elementor - v3.12.1 - 02-04-2023 *\/\n.elementor-widget-image-carousel .swiper,.elementor-widget-image-carousel .swiper-container{position:static}.elementor-widget-image-carousel .swiper-container .swiper-slide figure,.elementor-widget-image-carousel .swiper .swiper-slide figure{line-height:inherit}.elementor-widget-image-carousel .swiper-slide{text-align:center}.elementor-image-carousel-wrapper:not(.swiper-container-initialized) .swiper-slide,.elementor-image-carousel-wrapper:not(.swiper-initialized) .swiper-slide{max-width:calc(100% \/ var(--e-image-carousel-slides-to-show, 3))}<\/style>\t\t<div class=\"elementor-image-carousel-wrapper swiper\" dir=\"ltr\">\n\t\t\t<div class=\"elementor-image-carousel swiper-wrapper\">\n\t\t\t\t\t\t\t\t<div class=\"swiper-slide\"><figure class=\"swiper-slide-inner\"><img class=\"swiper-slide-image swiper-lazy\" data-src=\"https:\/\/creativite.id\/wp-content\/uploads\/2023\/04\/Mask-group-7.png\" alt=\"Mask-group-7.png\" \/><div class=\"swiper-lazy-preloader\"><\/div><\/figure><\/div><div class=\"swiper-slide\"><figure class=\"swiper-slide-inner\"><img class=\"swiper-slide-image swiper-lazy\" data-src=\"https:\/\/creativite.id\/wp-content\/uploads\/2023\/04\/Mask-group-1-1-150x150.png\" alt=\"Mask-group-1-1.png\" \/><div class=\"swiper-lazy-preloader\"><\/div><\/figure><\/div><div class=\"swiper-slide\"><figure class=\"swiper-slide-inner\"><img class=\"swiper-slide-image swiper-lazy\" data-src=\"https:\/\/creativite.id\/wp-content\/uploads\/2023\/04\/Mask-group-2-1.png\" alt=\"Mask-group-2-1.png\" \/><div class=\"swiper-lazy-preloader\"><\/div><\/figure><\/div><div class=\"swiper-slide\"><figure class=\"swiper-slide-inner\"><img class=\"swiper-slide-image swiper-lazy\" data-src=\"https:\/\/creativite.id\/wp-content\/uploads\/2023\/04\/Mask-group-3-1.png\" alt=\"Mask-group-3-1.png\" \/><div class=\"swiper-lazy-preloader\"><\/div><\/figure><\/div>\t\t\t<\/div>\n\t\t\t\t\t\t\t\t\t\t\t\t\t\t\t\t<\/div>\n\t\t\t\t<\/div>\n\t\t\t\t<\/div>\n\t\t\t\t\t<\/div>\n\t\t<\/div>\n\t\t\t\t\t\t\t<\/div>\n\t\t<\/section>\n\t\t\t\t\t\t\t<\/div>","protected":false},"excerpt":{"rendered":"<p>Now Showing &#8211; Takeaway Art #2 Open Call 2026 &#8211; Art Print Now Showing &#8211; Takeaway Art #2 Open Call 2026 &#8211; Art Print Now Showing &#8211; Takeaway Art #2 Open Call 2026 &#8211; Art Print About Us? These last few years the creative industry is growing rapidly, both in terms of business and diverse [&hellip;]<\/p>","protected":false},"author":1,"featured_media":0,"parent":0,"menu_order":0,"comment_status":"closed","ping_status":"closed","template":"elementor_header_footer","meta":{"footnotes":""},"class_list":["post-7","page","type-page","status-publish","hentry"],"_links":{"self":[{"href":"https:\/\/creativite.id\/id\/wp-json\/wp\/v2\/pages\/7","targetHints":{"allow":["GET"]}}],"collection":[{"href":"https:\/\/creativite.id\/id\/wp-json\/wp\/v2\/pages"}],"about":[{"href":"https:\/\/creativite.id\/id\/wp-json\/wp\/v2\/types\/page"}],"author":[{"embeddable":true,"href":"https:\/\/creativite.id\/id\/wp-json\/wp\/v2\/users\/1"}],"replies":[{"embeddable":true,"href":"https:\/\/creativite.id\/id\/wp-json\/wp\/v2\/comments?post=7"}],"version-history":[{"count":166,"href":"https:\/\/creativite.id\/id\/wp-json\/wp\/v2\/pages\/7\/revisions"}],"predecessor-version":[{"id":1636,"href":"https:\/\/creativite.id\/id\/wp-json\/wp\/v2\/pages\/7\/revisions\/1636"}],"wp:attachment":[{"href":"https:\/\/creativite.id\/id\/wp-json\/wp\/v2\/media?parent=7"}],"curies":[{"name":"wp","href":"https:\/\/api.w.org\/{rel}","templated":true}]}}